{"id":138,"date":"2020-04-18T20:41:46","date_gmt":"2020-04-18T20:41:46","guid":{"rendered":"http:\/\/192.168.1.11\/wp\/?page_id=138"},"modified":"2020-05-27T14:30:32","modified_gmt":"2020-05-27T14:30:32","slug":"acerca-de","status":"publish","type":"page","link":"https:\/\/www.100nexo.com\/?page_id=138","title":{"rendered":"Acerca do 100 nexo"},"content":{"rendered":"<div class=\"pld-like-dislike-wrap pld-template-2\">\r\n    <div class=\"pld-like-wrap  pld-common-wrap\">\r\n    <a href=\"javascript:void(0)\" class=\"pld-like-trigger pld-like-dislike-trigger  \" title=\"Clique aqui se gostou do texto...\" data-post-id=\"138\" data-trigger-type=\"like\" data-restriction=\"ip\" data-already-liked=\"0\">\r\n                        <i class=\"fas fa-heart\"><\/i>\r\n                <\/a>\r\n    <span class=\"pld-like-count-wrap pld-count-wrap\">0    <\/span>\r\n<\/div><div class=\"pld-dislike-wrap  pld-common-wrap\">\r\n    <a href=\"javascript:void(0)\" class=\"pld-dislike-trigger pld-like-dislike-trigger  \" title=\"Clique aqui se n\u00e3o gostou do texto...\" data-post-id=\"138\" data-trigger-type=\"dislike\" data-restriction=\"ip\" data-already-liked=\"0\">\r\n                        <i class=\"fa fa-heartbeat\"><\/i>\r\n                <\/a>\r\n    <span class=\"pld-dislike-count-wrap pld-count-wrap\">2<\/span>\r\n<\/div><\/div><p>O <strong>100nexo<\/strong> \u00e9\u00a0 um Blog pessoal, e pretende ser uma alternativa aos Blogs\u00a0 tem\u00e1ticos convencionais.<\/p>\n<p>O principal objetivo\u00a0 \u00e9 que o <strong>100nexo<\/strong> seja isso mesmo, um Blog sem qualquer nexo, onde o livre pensamento dos autores e a criatividade s\u00e3o a\u00a0 \u00fanica obrigatoriedade.\u00a0 Escrever sobre tudo o que pensamos\u00a0 ou sonhamos\u00a0 \u00e9 um desafio irrecus\u00e1vel para os que aqui escrevem.<\/p>\n<p>\u00c9 dif\u00edcil de aceitar que a morte seja um fim e que com ela se enterre mem\u00f3rias e pensamentos que nunca foram partilhados com ningu\u00e9m.<\/p>\n<p>Resumindo, este Blog \u00e9 uma sopa de\u00a0 disparates desconexos que, por mais inveros\u00edmeis que sejam,\u00a0 \u00a0s\u00e3o escritos \u00e0 medida que surgem nos pensamentos para que n\u00e3o fiquem esquecidos.<\/p>\n<p>A ideia n\u00e3o \u00e9 chocar mas sim despertar as\u00a0 mentes.<\/p>\n","protected":false},"excerpt":{"rendered":"<p>0 2 O 100nexo \u00e9\u00a0 um Blog pessoal, e pretende ser uma alternativa aos Blogs\u00a0&#8230;<\/p>\n","protected":false},"author":1,"featured_media":574,"parent":0,"menu_order":0,"comment_status":"closed","ping_status":"closed","template":"","meta":{"footnotes":""},"class_list":["post-138","page","type-page","status-publish","has-post-thumbnail","hentry"],"_links":{"self":[{"href":"https:\/\/www.100nexo.com\/index.php?rest_route=\/wp\/v2\/pages\/138","targetHints":{"allow":["GET"]}}],"collection":[{"href":"https:\/\/www.100nexo.com\/index.php?rest_route=\/wp\/v2\/pages"}],"about":[{"href":"https:\/\/www.100nexo.com\/index.php?rest_route=\/wp\/v2\/types\/page"}],"author":[{"embeddable":true,"href":"https:\/\/www.100nexo.com\/index.php?rest_route=\/wp\/v2\/users\/1"}],"replies":[{"embeddable":true,"href":"https:\/\/www.100nexo.com\/index.php?rest_route=%2Fwp%2Fv2%2Fcomments&post=138"}],"version-history":[{"count":0,"href":"https:\/\/www.100nexo.com\/index.php?rest_route=\/wp\/v2\/pages\/138\/revisions"}],"wp:featuredmedia":[{"embeddable":true,"href":"https:\/\/www.100nexo.com\/index.php?rest_route=\/wp\/v2\/media\/574"}],"wp:attachment":[{"href":"https:\/\/www.100nexo.com\/index.php?rest_route=%2Fwp%2Fv2%2Fmedia&parent=138"}],"curies":[{"name":"wp","href":"https:\/\/api.w.org\/{rel}","templated":true}]}}